{"id":507,"date":"2016-10-07T04:45:16","date_gmt":"2016-10-07T04:45:16","guid":{"rendered":"https:\/\/rdiinc.ca\/fr\/?page_id=507"},"modified":"2023-04-04T14:52:04","modified_gmt":"2023-04-04T14:52:04","slug":"a-notre-sujet","status":"publish","type":"page","link":"https:\/\/www.rdiinc.ca\/fr\/a-notre-sujet\/","title":{"rendered":"\u00c0 notre sujet"},"content":{"rendered":"<p>[vc_row css=\u00a0\u00bb.vc_custom_1484938357986{background-image: url(https:\/\/rdiinc.ca\/fr\/wp-content\/uploads\/2016\/10\/RDIInc_About_Hero_v2.jpg?id=629) !important;background-position: center !important;background-repeat: no-repeat !important;background-size: cover !important;}\u00a0\u00bb el_class=\u00a0\u00bbabout-desktop-mobile-padding .left-align-mobile\u00a0\u00bb][vc_column][vc_column_text]<\/p>\n<p>[\/vc_column_text][\/vc_column][\/vc_row][vc_row css=\u00a0\u00bb.vc_custom_1484938492826{background-position: center !important;background-repeat: no-repeat !important;background-size: cover !important;}\u00a0\u00bb el_class=\u00a0\u00bbabout-content-desktop-mobile-padding\u00a0\u00bb][vc_column]<aside class=\"gap cf\" style=\"height:55px;\"><\/aside>[vc_column_text]<\/p>\n<h2>Il y a trente ans, nous avons fond\u00e9 RDI avec pour vision de cr\u00e9er des solutions pour la protection d&rsquo;entreprise.<\/h2>\n<p>[\/vc_column_text]<aside class=\"gap cf\" style=\"height:20px;\"><\/aside>[vc_column_text]<\/p>\n<p id=\"tw-target-text\" class=\"tw-data-text tw-text-large tw-ta\" dir=\"ltr\" data-placeholder=\"Traduction\"><span class=\"Y2IQFc\" lang=\"fr\">Cette vision a aliment\u00e9 notre incroyable croissance et fait de nous le leader mondial de la planification de la continuit\u00e9 des activit\u00e9s et de la gestion des processus des affaires. <\/span><\/p>\n<p class=\"tw-data-text tw-text-large tw-ta\" dir=\"ltr\" data-placeholder=\"Traduction\"><span class=\"Y2IQFc\" lang=\"fr\">Aujourd&rsquo;hui, les solutions de RDI fournissent des outils et des services r\u00e9volutionnaires pour aider les entreprises \u00e0 planifier les \u00e9v\u00e9nements mena\u00e7ants ou \u00e0 optimiser leurs syst\u00e8mes. <\/span><\/p>\n<p class=\"tw-data-text tw-text-large tw-ta\" dir=\"ltr\" data-placeholder=\"Traduction\"><span class=\"Y2IQFc\" lang=\"fr\">Gr\u00e2ce \u00e0 nos employ\u00e9s d\u00e9vou\u00e9s, nos partenaires et les clients que nous servons, RDI est l&rsquo;entreprise \u00e0 la croissance la plus rapide au monde. RDI permet aux entreprises de se connecter et de communiquer avec leurs employ\u00e9s et partenaires d&rsquo;une toute nouvelle mani\u00e8re, de g\u00e9rer leur entreprise \u00e0 partir de leurs t\u00e9l\u00e9phones et de prendre des d\u00e9cisions plus intelligentes et plus pr\u00e9dictives de n&rsquo;importe o\u00f9 en temps r\u00e9el. Avec des bureaux \u00e0 Montr\u00e9al, Canada, \u00e0 Montbazon, France, et \u00e0 Casablanca, Maroc, nous guidons et prenons facilement soin de nos clients \u00e0 travers le monde.<\/span><\/p>\n<p>[\/vc_column_text]<aside class=\"gap cf\" style=\"height:70px;\"><\/aside>[\/vc_column][\/vc_row][vc_row css=\u00a0\u00bb.vc_custom_1484445992452{background-color: #f9f9f9 !important;background-position: center !important;background-repeat: no-repeat !important;background-size: cover !important;}\u00a0\u00bb el_class=\u00a0\u00bbfooter-padding desktop-only\u00a0\u00bb][vc_column width=\u00a0\u00bb1\/3&Prime; el_class=\u00a0\u00bbfooter-content-padding\u00a0\u00bb][vc_column_text]<\/p>\n<h2 class=\"footer-text-style\"><strong>Nous joindre<br \/>\n<\/strong><\/h2>\n<p>[\/vc_column_text][vc_column_text css=\u00a0\u00bb.vc_custom_1485216294628{margin-top: -10px !important;}\u00a0\u00bb]<\/p>\n<p class=\"footer-text-style\">Europe:<br \/>\n<a href=\"mailto:info_eu@rdiinc.com\">info_eu@rdiinc.com<\/a><br \/>\n+33(6) 34 55 49 99<\/p>\n<p class=\"footer-text-style\">Maroc:<br \/>\n<a href=\"mailto:info_ma@rdiinc.com\">info_ma@rdiinc.com<\/a><br \/>\n+212 6 38 85 72 79<\/p>\n<p class=\"footer-text-style\">\u00c9.-U., Canada et ailleurs:<br \/>\n<a href=\"mailto:info@rdiinc.com\">info@rdiinc.com<\/a><br \/>\n+1 514 955 0213<\/p>\n<p>[\/vc_column_text][\/vc_column][vc_column width=\u00a0\u00bb1\/3&Prime; el_class=\u00a0\u00bbfooter-content-padding\u00a0\u00bb][vc_column_text]<\/p>\n<h2 class=\"footer-text-style\"><strong>Solutions<br \/>\n<\/strong><\/h2>\n<p>[\/vc_column_text][vc_column_text css=\u00a0\u00bb.vc_custom_1485216338202{margin-top: -10px !important;}\u00a0\u00bb]<\/p>\n<p class=\"footer-text-style\"><a href=\"https:\/\/rdiinc.ca\/fr\/planification-de-la-continuite-des-affaires\/\">Planification de la continuit\u00e9 des affaires<\/a><\/p>\n<p class=\"footer-text-style\"><a href=\"https:\/\/rdiinc.ca\/fr\/gestion-de-processus-daffaires\/\">Gestion de processus d&rsquo;affaires<\/a><\/p>\n<p>[\/vc_column_text][\/vc_column][vc_column width=\u00a0\u00bb1\/3&Prime; el_class=\u00a0\u00bbfooter-content-padding\u00a0\u00bb][vc_column_text]<\/p>\n<h2 class=\"footer-text-style\"><strong>Entreprise<br \/>\n<\/strong><\/h2>\n<p>[\/vc_column_text][vc_column_text css=\u00a0\u00bb.vc_custom_1485216389226{margin-top: -10px !important;}\u00a0\u00bb]<\/p>\n<p class=\"footer-text-style\"><a href=\"https:\/\/rdiinc.ca\/fr\/a-notre-sujet\/\">\u00c0 notre sujet<\/a><\/p>\n<p class=\"footer-text-style\"><a href=\"https:\/\/rdiinc.ca\/fr\/carrieres\/\">Carri\u00e8res<\/a><\/p>\n<p>[\/vc_column_text][\/vc_column][\/vc_row][vc_row css=\u00a0\u00bb.vc_custom_1484448211514{background-color: #f9f9f9 !important;background-position: center !important;background-repeat: no-repeat !important;background-size: cover !important;}\u00a0\u00bb el_class=\u00a0\u00bbfooter-padding mobile-only footer-color\u00a0\u00bb][vc_column]<aside class=\"gap cf\" style=\"height:30px;\"><\/aside>[vc_column_text]<\/p>\n<h2 class=\"footer-text-style\"><strong>Nous joindre<br \/>\n<\/strong><\/h2>\n<p>[\/vc_column_text]<aside class=\"gap cf\" style=\"height:20px;\"><\/aside>[vc_column_text css=\u00a0\u00bb.vc_custom_1484448403144{margin-top: -10px !important;}\u00a0\u00bb]<\/p>\n<p class=\"footer-text-style\" style=\"text-align: center;\"><strong>Europe:<\/strong><\/p>\n<p>[\/vc_column_text][vc_row_inner equal_height=\u00a0\u00bbtrue\u00a0\u00bb gap=\u00a0\u00bb10&Prime; css=\u00a0\u00bb.vc_custom_1484448961397{margin-right: 0px !important;margin-left: 0px !important;}\u00a0\u00bb][vc_column_inner width=\u00a0\u00bb1\/2&Prime; offset=\u00a0\u00bbvc_col-md-6 vc_col-xs-6&Prime; css=\u00a0\u00bb.vc_custom_1484448881030{padding-top: 10px !important;padding-bottom: 10px !important;background-color: #ffffff !important;}\u00a0\u00bb][vc_icon icon_fontawesome=\u00a0\u00bbfa fa-envelope\u00a0\u00bb color=\u00a0\u00bbturquoise\u00a0\u00bb size=\u00a0\u00bblg\u00a0\u00bb align=\u00a0\u00bbcenter\u00a0\u00bb link=\u00a0\u00bburl:mailto%3Ainfo_eu%40rdiinc.com||\u00a0\u00bb][vc_column_text css=\u00a0\u00bb.vc_custom_1484449429845{margin-top: -20px !important;}\u00a0\u00bb]<\/p>\n<p class=\"footer-text-style\" style=\"text-align: center; font-size: 0.8em !important;\"><a href=\"mailto:info_eu@rdiinc.com\">info_eu@rdiinc.com<\/a><\/p>\n<p>[\/vc_column_text][\/vc_column_inner][vc_column_inner width=\u00a0\u00bb1\/2&Prime; offset=\u00a0\u00bbvc_col-md-6 vc_col-xs-6&Prime; css=\u00a0\u00bb.vc_custom_1484448890320{padding-top: 10px !important;padding-bottom: 10px !important;background-color: #ffffff !important;}\u00a0\u00bb][vc_icon icon_fontawesome=\u00a0\u00bbfa fa-phone\u00a0\u00bb color=\u00a0\u00bbturquoise\u00a0\u00bb size=\u00a0\u00bblg\u00a0\u00bb align=\u00a0\u00bbcenter\u00a0\u00bb link=\u00a0\u00bburl:tel%3A%2B33634554999||\u00a0\u00bb][vc_column_text css=\u00a0\u00bb.vc_custom_1484449436799{margin-top: -20px !important;}\u00a0\u00bb]<\/p>\n<p class=\"footer-text-style\" style=\"text-align: center; font-size: 0.8em !important;\">+33(6) 34 55 49 99<\/p>\n<p>[\/vc_column_text][\/vc_column_inner][\/vc_row_inner]<aside class=\"gap cf\" style=\"height:25px;\"><\/aside><aside class=\"gap cf\" style=\"height:25px;\"><\/aside>[vc_column_text css=\u00a0\u00bb.vc_custom_1485216313487{margin-top: -10px !important;}\u00a0\u00bb]<\/p>\n<p class=\"footer-text-style\" style=\"text-align: center;\"><strong>Maroc:<\/strong><\/p>\n<p>[\/vc_column_text][vc_row_inner equal_height=\u00a0\u00bbtrue\u00a0\u00bb gap=\u00a0\u00bb10&Prime; css=\u00a0\u00bb.vc_custom_1484448961397{margin-right: 0px !important;margin-left: 0px !important;}\u00a0\u00bb][vc_column_inner width=\u00a0\u00bb1\/2&Prime; offset=\u00a0\u00bbvc_col-md-6 vc_col-xs-6&Prime; css=\u00a0\u00bb.vc_custom_1484448881030{padding-top: 10px !important;padding-bottom: 10px !important;background-color: #ffffff !important;}\u00a0\u00bb][vc_icon icon_fontawesome=\u00a0\u00bbfa fa-envelope\u00a0\u00bb color=\u00a0\u00bbturquoise\u00a0\u00bb size=\u00a0\u00bblg\u00a0\u00bb align=\u00a0\u00bbcenter\u00a0\u00bb link=\u00a0\u00bburl:mailto%3Ainfo_ma%40rdiinc.com||\u00a0\u00bb][vc_column_text css=\u00a0\u00bb.vc_custom_1484449429845{margin-top: -20px !important;}\u00a0\u00bb]<\/p>\n<p class=\"footer-text-style\" style=\"text-align: center; font-size: 0.8em !important;\"><a href=\"mailto:info_ma@rdiinc.com\">info_ma@rdiinc.com<\/a><\/p>\n<p>[\/vc_column_text][\/vc_column_inner][vc_column_inner width=\u00a0\u00bb1\/2&Prime; offset=\u00a0\u00bbvc_col-md-6 vc_col-xs-6&Prime; css=\u00a0\u00bb.vc_custom_1484448890320{padding-top: 10px !important;padding-bottom: 10px !important;background-color: #ffffff !important;}\u00a0\u00bb][vc_icon icon_fontawesome=\u00a0\u00bbfa fa-phone\u00a0\u00bb color=\u00a0\u00bbturquoise\u00a0\u00bb size=\u00a0\u00bblg\u00a0\u00bb align=\u00a0\u00bbcenter\u00a0\u00bb link=\u00a0\u00bburl:tel%3A%2B212668559987||\u00a0\u00bb][vc_column_text css=\u00a0\u00bb.vc_custom_1649092636483{margin-top: -20px !important;}\u00a0\u00bb]<\/p>\n<p class=\"footer-text-style\" style=\"text-align: center; font-size: 0.8em !important;\">+212 6 38 85 72 79<\/p>\n<p>[\/vc_column_text][\/vc_column_inner][\/vc_row_inner]<aside class=\"gap cf\" style=\"height:25px;\"><\/aside><aside class=\"gap cf\" style=\"height:25px;\"><\/aside>[vc_column_text css=\u00a0\u00bb.vc_custom_1485216313487{margin-top: -10px !important;}\u00a0\u00bb]<\/p>\n<p class=\"footer-text-style\" style=\"text-align: center;\"><strong>\u00c9.-U., Canada et ailleurs:<\/strong><\/p>\n<p>[\/vc_column_text][vc_row_inner equal_height=\u00a0\u00bbtrue\u00a0\u00bb content_placement=\u00a0\u00bbtop\u00a0\u00bb gap=\u00a0\u00bb10&Prime; css=\u00a0\u00bb.vc_custom_1484448971081{margin-right: 0px !important;margin-left: 0px !important;}\u00a0\u00bb][vc_column_inner width=\u00a0\u00bb1\/2&Prime; offset=\u00a0\u00bbvc_col-md-6 vc_col-xs-6&Prime; css=\u00a0\u00bb.vc_custom_1484448909363{padding-top: 10px !important;padding-bottom: 10px !important;background-color: #ffffff !important;}\u00a0\u00bb][vc_icon icon_fontawesome=\u00a0\u00bbfa fa-envelope\u00a0\u00bb color=\u00a0\u00bbturquoise\u00a0\u00bb size=\u00a0\u00bblg\u00a0\u00bb align=\u00a0\u00bbcenter\u00a0\u00bb link=\u00a0\u00bburl:mailto%3Ainfo%40rdiinc.com||\u00a0\u00bb][vc_column_text css=\u00a0\u00bb.vc_custom_1484449414161{margin-top: -20px !important;}\u00a0\u00bb]<\/p>\n<p class=\"footer-text-style\" style=\"text-align: center; font-size: 0.8em !important;\"><a href=\"mailto:info@rdiinc.com\">info@rdiinc.com<\/a><\/p>\n<p>[\/vc_column_text][\/vc_column_inner][vc_column_inner width=\u00a0\u00bb1\/2&Prime; offset=\u00a0\u00bbvc_col-md-6 vc_col-xs-6&Prime; css=\u00a0\u00bb.vc_custom_1484448916487{padding-top: 10px !important;padding-bottom: 10px !important;background-color: #ffffff !important;}\u00a0\u00bb][vc_icon icon_fontawesome=\u00a0\u00bbfa fa-phone\u00a0\u00bb color=\u00a0\u00bbturquoise\u00a0\u00bb size=\u00a0\u00bblg\u00a0\u00bb align=\u00a0\u00bbcenter\u00a0\u00bb link=\u00a0\u00bburl:tel%3A%2B15149550213||\u00a0\u00bb][vc_column_text css=\u00a0\u00bb.vc_custom_1484449421311{margin-top: -20px !important;}\u00a0\u00bb]<\/p>\n<p class=\"footer-text-style\" style=\"text-align: center; font-size: 0.8em !important;\">+1 514 955 0213<\/p>\n<p>[\/vc_column_text][\/vc_column_inner][\/vc_row_inner]<aside class=\"gap cf\" style=\"height:50px;\"><\/aside>[vc_separator el_width=\u00a0\u00bb50&Prime;]<aside class=\"gap cf\" style=\"height:50px;\"><\/aside>[vc_column_text]<\/p>\n<h2 class=\"footer-text-style\"><strong>Solutions<br \/>\n<\/strong><\/h2>\n<p>[\/vc_column_text][vc_column_text css=\u00a0\u00bb.vc_custom_1485216363052{margin-top: -10px !important;}\u00a0\u00bb]<\/p>\n<p class=\"footer-text-style\" style=\"text-align: center;\"><a href=\"https:\/\/rdiinc.ca\/fr\/planification-de-la-continuite-des-affaires\/\">Planification de la continuit\u00e9 des affaires<\/a><\/p>\n<p class=\"footer-text-style\" style=\"text-align: center;\"><a href=\"https:\/\/rdiinc.ca\/fr\/gestion-de-processus-daffaires\/\">Gestion de processus d&rsquo;affaires<\/a><\/p>\n<p>[\/vc_column_text]<aside class=\"gap cf\" style=\"height:50px;\"><\/aside>[vc_separator el_width=\u00a0\u00bb50&Prime;]<aside class=\"gap cf\" style=\"height:50px;\"><\/aside>[vc_column_text]<\/p>\n<h2 class=\"footer-text-style\"><strong>Entreprise<br \/>\n<\/strong><\/h2>\n<p>[\/vc_column_text][vc_column_text css=\u00a0\u00bb.vc_custom_1485216409621{margin-top: -10px !important;}\u00a0\u00bb]<\/p>\n<p class=\"footer-text-style\" style=\"text-align: center;\"><a href=\"https:\/\/rdiinc.ca\/fr\/a-notre-sujet\/\">\u00c0 notre sujet<\/a><\/p>\n<p class=\"footer-text-style\" style=\"text-align: center;\"><a href=\"https:\/\/rdiinc.ca\/fr\/carrieres\/\">Carri\u00e8res<\/a><\/p>\n<p>[\/vc_column_text][\/vc_column][\/vc_row]<\/p>\n","protected":false},"excerpt":{"rendered":"<p>[vc_row css=\u00a0\u00bb.vc_custom_1484938357986{background-image: url(https:\/\/rdiinc.ca\/fr\/wp-content\/uploads\/2016\/10\/RDIInc_About_Hero_v2.jpg?id=629) !important;background-position: center !important;background-repeat: no-repeat !important;background-size: cover !important;}\u00a0\u00bb el_class=\u00a0\u00bbabout-desktop-mobile-padding .left-align-mobile\u00a0\u00bb][vc_column][vc_column_text] [\/vc_column_text][\/vc_column][\/vc_row][vc_row css=\u00a0\u00bb.vc_custom_1484938492826{background-position: center !important;background-repeat: no-repeat !important;background-size: cover !important;}\u00a0\u00bb el_class=\u00a0\u00bbabout-content-desktop-mobile-padding\u00a0\u00bb][vc_column][vc_column_text] Il y a trente ans, nous avons fond\u00e9 RDI avec pour vision de cr\u00e9er des solutions pour la protection d&rsquo;entreprise. [\/vc_column_text][vc_column_text] Cette vision a aliment\u00e9 notre incroyable croissance et fait de nous le leader [&hellip;]<\/p>\n","protected":false},"author":1,"featured_media":0,"parent":0,"menu_order":0,"comment_status":"open","ping_status":"closed","template":"","meta":[],"yoast_head":"<!-- This site is optimized with the Yoast SEO plugin v18.4.1 - https:\/\/yoast.com\/wordpress\/plugins\/seo\/ -->\n<title>RDI | \u00c0 notre sujet<\/title>\n<meta name=\"description\" content=\"Chef de file mondial en planification de la continuit\u00e9 des affaires (PCA) et en gestion de processus d\u2019affaires (GPA).\" \/>\n<meta name=\"robots\" content=\"index, follow, max-snippet:-1, max-image-preview:large, max-video-preview:-1\" \/>\n<link rel=\"canonical\" href=\"https:\/\/www.rdiinc.ca\/fr\/a-notre-sujet\/\" \/>\n<meta property=\"og:locale\" content=\"fr_FR\" \/>\n<meta property=\"og:type\" content=\"article\" \/>\n<meta property=\"og:title\" content=\"RDI | \u00c0 notre sujet\" \/>\n<meta property=\"og:description\" content=\"Chef de file mondial en planification de la continuit\u00e9 des affaires (PCA) et en gestion de processus d\u2019affaires (GPA).\" \/>\n<meta property=\"og:url\" content=\"https:\/\/www.rdiinc.ca\/fr\/a-notre-sujet\/\" \/>\n<meta property=\"og:site_name\" content=\"RDI\" \/>\n<meta property=\"article:modified_time\" content=\"2023-04-04T14:52:04+00:00\" \/>\n<meta name=\"twitter:card\" content=\"summary\" \/>\n<meta name=\"twitter:label1\" content=\"Dur\u00e9e de lecture est.\" \/>\n\t<meta name=\"twitter:data1\" content=\"3 minutes\" \/>\n<script type=\"application\/ld+json\" class=\"yoast-schema-graph\">{\"@context\":\"https:\/\/schema.org\",\"@graph\":[{\"@type\":\"WebSite\",\"@id\":\"https:\/\/www.rdiinc.ca\/fr\/#website\",\"url\":\"https:\/\/www.rdiinc.ca\/fr\/\",\"name\":\"RDI\",\"description\":\"Chef de file en gestion de processus\",\"potentialAction\":[{\"@type\":\"SearchAction\",\"target\":{\"@type\":\"EntryPoint\",\"urlTemplate\":\"https:\/\/www.rdiinc.ca\/fr\/?s={search_term_string}\"},\"query-input\":\"required name=search_term_string\"}],\"inLanguage\":\"fr-FR\"},{\"@type\":\"WebPage\",\"@id\":\"https:\/\/www.rdiinc.ca\/fr\/a-notre-sujet\/#webpage\",\"url\":\"https:\/\/www.rdiinc.ca\/fr\/a-notre-sujet\/\",\"name\":\"RDI | \u00c0 notre sujet\",\"isPartOf\":{\"@id\":\"https:\/\/www.rdiinc.ca\/fr\/#website\"},\"datePublished\":\"2016-10-07T04:45:16+00:00\",\"dateModified\":\"2023-04-04T14:52:04+00:00\",\"description\":\"Chef de file mondial en planification de la continuit\u00e9 des affaires (PCA) et en gestion de processus d\u2019affaires (GPA).\",\"breadcrumb\":{\"@id\":\"https:\/\/www.rdiinc.ca\/fr\/a-notre-sujet\/#breadcrumb\"},\"inLanguage\":\"fr-FR\",\"potentialAction\":[{\"@type\":\"ReadAction\",\"target\":[\"https:\/\/www.rdiinc.ca\/fr\/a-notre-sujet\/\"]}]},{\"@type\":\"BreadcrumbList\",\"@id\":\"https:\/\/www.rdiinc.ca\/fr\/a-notre-sujet\/#breadcrumb\",\"itemListElement\":[{\"@type\":\"ListItem\",\"position\":1,\"name\":\"Home\",\"item\":\"https:\/\/www.rdiinc.ca\/fr\/\"},{\"@type\":\"ListItem\",\"position\":2,\"name\":\"\u00c0 notre sujet\"}]}]}<\/script>\n<!-- \/ Yoast SEO plugin. -->","yoast_head_json":{"title":"RDI | \u00c0 notre sujet","description":"Chef de file mondial en planification de la continuit\u00e9 des affaires (PCA) et en gestion de processus d\u2019affaires (GPA).","robots":{"index":"index","follow":"follow","max-snippet":"max-snippet:-1","max-image-preview":"max-image-preview:large","max-video-preview":"max-video-preview:-1"},"canonical":"https:\/\/www.rdiinc.ca\/fr\/a-notre-sujet\/","og_locale":"fr_FR","og_type":"article","og_title":"RDI | \u00c0 notre sujet","og_description":"Chef de file mondial en planification de la continuit\u00e9 des affaires (PCA) et en gestion de processus d\u2019affaires (GPA).","og_url":"https:\/\/www.rdiinc.ca\/fr\/a-notre-sujet\/","og_site_name":"RDI","article_modified_time":"2023-04-04T14:52:04+00:00","twitter_card":"summary","twitter_misc":{"Dur\u00e9e de lecture est.":"3 minutes"},"schema":{"@context":"https:\/\/schema.org","@graph":[{"@type":"WebSite","@id":"https:\/\/www.rdiinc.ca\/fr\/#website","url":"https:\/\/www.rdiinc.ca\/fr\/","name":"RDI","description":"Chef de file en gestion de processus","potentialAction":[{"@type":"SearchAction","target":{"@type":"EntryPoint","urlTemplate":"https:\/\/www.rdiinc.ca\/fr\/?s={search_term_string}"},"query-input":"required name=search_term_string"}],"inLanguage":"fr-FR"},{"@type":"WebPage","@id":"https:\/\/www.rdiinc.ca\/fr\/a-notre-sujet\/#webpage","url":"https:\/\/www.rdiinc.ca\/fr\/a-notre-sujet\/","name":"RDI | \u00c0 notre sujet","isPartOf":{"@id":"https:\/\/www.rdiinc.ca\/fr\/#website"},"datePublished":"2016-10-07T04:45:16+00:00","dateModified":"2023-04-04T14:52:04+00:00","description":"Chef de file mondial en planification de la continuit\u00e9 des affaires (PCA) et en gestion de processus d\u2019affaires (GPA).","breadcrumb":{"@id":"https:\/\/www.rdiinc.ca\/fr\/a-notre-sujet\/#breadcrumb"},"inLanguage":"fr-FR","potentialAction":[{"@type":"ReadAction","target":["https:\/\/www.rdiinc.ca\/fr\/a-notre-sujet\/"]}]},{"@type":"BreadcrumbList","@id":"https:\/\/www.rdiinc.ca\/fr\/a-notre-sujet\/#breadcrumb","itemListElement":[{"@type":"ListItem","position":1,"name":"Home","item":"https:\/\/www.rdiinc.ca\/fr\/"},{"@type":"ListItem","position":2,"name":"\u00c0 notre sujet"}]}]}},"_links":{"self":[{"href":"https:\/\/www.rdiinc.ca\/fr\/wp-json\/wp\/v2\/pages\/507"}],"collection":[{"href":"https:\/\/www.rdiinc.ca\/fr\/wp-json\/wp\/v2\/pages"}],"about":[{"href":"https:\/\/www.rdiinc.ca\/fr\/wp-json\/wp\/v2\/types\/page"}],"author":[{"embeddable":true,"href":"https:\/\/www.rdiinc.ca\/fr\/wp-json\/wp\/v2\/users\/1"}],"replies":[{"embeddable":true,"href":"https:\/\/www.rdiinc.ca\/fr\/wp-json\/wp\/v2\/comments?post=507"}],"version-history":[{"count":32,"href":"https:\/\/www.rdiinc.ca\/fr\/wp-json\/wp\/v2\/pages\/507\/revisions"}],"predecessor-version":[{"id":895,"href":"https:\/\/www.rdiinc.ca\/fr\/wp-json\/wp\/v2\/pages\/507\/revisions\/895"}],"wp:attachment":[{"href":"https:\/\/www.rdiinc.ca\/fr\/wp-json\/wp\/v2\/media?parent=507"}],"curies":[{"name":"wp","href":"https:\/\/api.w.org\/{rel}","templated":true}]}}