{"id":83,"date":"2015-06-20T03:05:43","date_gmt":"2015-06-20T03:05:43","guid":{"rendered":"https:\/\/rdiinc.ca\/fr\/?page_id=83"},"modified":"2023-04-04T14:34:06","modified_gmt":"2023-04-04T14:34:06","slug":"nous-joindre","status":"publish","type":"page","link":"https:\/\/www.rdiinc.ca\/fr\/nous-joindre\/","title":{"rendered":"Nous joindre"},"content":{"rendered":"<p>[vc_row css=\u00a0\u00bb.vc_custom_1484436914108{background-position: center !important;background-repeat: no-repeat !important;background-size: cover !important;}\u00a0\u00bb el_class=\u00a0\u00bbform-desktop-mobile-padding\u00a0\u00bb][vc_column]<aside class=\"gap cf\" style=\"height:55px;\"><\/aside>[vc_column_text]<\/p>\n<h2>Nous joindre<\/h2>\n<p>[\/vc_column_text]<aside class=\"gap cf\" style=\"height:20px;\"><\/aside>[vc_column_text]<\/p>\n<p>\u00a0<\/p>\n<p>[\/vc_column_text]<aside class=\"gap cf\" style=\"height:40px;\"><\/aside><div role=\"form\" class=\"wpcf7\" id=\"wpcf7-f209-o1\" lang=\"en-US\" dir=\"ltr\">\n<div class=\"screen-reader-response\"><p role=\"status\" aria-live=\"polite\" aria-atomic=\"true\"><\/p> <ul><\/ul><\/div>\n<form action=\"\/fr\/wp-json\/wp\/v2\/pages\/83#wpcf7-f209-o1\" method=\"post\" class=\"wpcf7-form init\" novalidate=\"novalidate\" data-status=\"init\">\n<div style=\"display: none;\">\n<input type=\"hidden\" name=\"_wpcf7\" value=\"209\" \/>\n<input type=\"hidden\" name=\"_wpcf7_version\" value=\"5.5.6.1\" \/>\n<input type=\"hidden\" name=\"_wpcf7_locale\" value=\"en_US\" \/>\n<input type=\"hidden\" name=\"_wpcf7_unit_tag\" value=\"wpcf7-f209-o1\" \/>\n<input type=\"hidden\" name=\"_wpcf7_container_post\" value=\"0\" \/>\n<input type=\"hidden\" name=\"_wpcf7_posted_data_hash\" value=\"\" \/>\n<\/div>\n<p><span class=\"wpcf7-form-control-wrap first-name\"><input type=\"text\" name=\"first-name\" value=\"\" size=\"40\" class=\"wpcf7-form-control wpcf7-text wpcf7-validates-as-required\" aria-required=\"true\" aria-invalid=\"false\" placeholder=\"Pr\u00e9nom\" \/><\/span><\/p>\n<p><span class=\"wpcf7-form-control-wrap last-name\"><input type=\"text\" name=\"last-name\" value=\"\" size=\"40\" class=\"wpcf7-form-control wpcf7-text wpcf7-validates-as-required\" aria-required=\"true\" aria-invalid=\"false\" placeholder=\"Nom\" \/><\/span><\/p>\n<p><span class=\"wpcf7-form-control-wrap email\"><input type=\"email\" name=\"email\" value=\"\" size=\"40\" class=\"wpcf7-form-control wpcf7-text wpcf7-email wpcf7-validates-as-required wpcf7-validates-as-email\" aria-required=\"true\" aria-invalid=\"false\" placeholder=\"Adresse de courriel\" \/><\/span><\/p>\n<p><span class=\"wpcf7-form-control-wrap phone\"><input type=\"tel\" name=\"phone\" value=\"\" size=\"40\" class=\"wpcf7-form-control wpcf7-text wpcf7-tel wpcf7-validates-as-required wpcf7-validates-as-tel\" aria-required=\"true\" aria-invalid=\"false\" placeholder=\"Num\u00e9ro de t\u00e9l\u00e9phone\" \/><\/span><\/p>\n<p><span class=\"wpcf7-form-control-wrap company\"><input type=\"text\" name=\"company\" value=\"\" size=\"40\" class=\"wpcf7-form-control wpcf7-text wpcf7-validates-as-required\" aria-required=\"true\" aria-invalid=\"false\" placeholder=\"Entreprise\" \/><\/span><\/p>\n<p style=\"margin-bottom:40px;\"><label>Nombre d'employ\u00e9s<\/label><br \/>\n<span class=\"wpcf7-form-control-wrap company-size\"><span class=\"wpcf7-form-control wpcf7-radio\"><span class=\"wpcf7-list-item first\"><input type=\"radio\" name=\"company-size\" value=\"1-9\" checked=\"checked\" \/><span class=\"wpcf7-list-item-label\">1-9<\/span><\/span><span class=\"wpcf7-list-item\"><input type=\"radio\" name=\"company-size\" value=\"10-99\" \/><span class=\"wpcf7-list-item-label\">10-99<\/span><\/span><span class=\"wpcf7-list-item\"><input type=\"radio\" name=\"company-size\" value=\"100-500\" \/><span class=\"wpcf7-list-item-label\">100-500<\/span><\/span><span class=\"wpcf7-list-item last\"><input type=\"radio\" name=\"company-size\" value=\"Plus de 500\" \/><span class=\"wpcf7-list-item-label\">Plus de 500<\/span><\/span><\/span><\/span><\/p>\n<p style=\"margin-bottom:40px;\"><label>Quelle solution vous int\u00e9resse?<\/label><br \/>\n<span class=\"wpcf7-form-control-wrap product\"><span class=\"wpcf7-form-control wpcf7-checkbox\"><span class=\"wpcf7-list-item first\"><input type=\"checkbox\" name=\"product[]\" value=\"Planification de la continuit\u00e9 des affaires\" \/><span class=\"wpcf7-list-item-label\">Planification de la continuit\u00e9 des affaires<\/span><\/span><span class=\"wpcf7-list-item\"><input type=\"checkbox\" name=\"product[]\" value=\"Gestion de processus d&#039;affaires\" \/><span class=\"wpcf7-list-item-label\">Gestion de processus d&#039;affaires<\/span><\/span><span class=\"wpcf7-list-item last\"><input type=\"checkbox\" name=\"product[]\" value=\"Autre\" \/><span class=\"wpcf7-list-item-label\">Autre<\/span><\/span><\/span><\/span><\/p>\n<p style=\"margin-bottom:0px;\"><span class=\"wpcf7-form-control-wrap message\"><textarea name=\"message\" cols=\"40\" rows=\"10\" class=\"wpcf7-form-control wpcf7-textarea\" aria-invalid=\"false\" placeholder=\"Tapez votre message ici.\"><\/textarea><\/span><\/p>\n<p style=\"margin-bottom:40px;\"><span class=\"wpcf7-form-control-wrap demo\"><span class=\"wpcf7-form-control wpcf7-checkbox\"><span class=\"wpcf7-list-item first last\"><input type=\"checkbox\" name=\"demo[]\" value=\"Envoyez-moi une d\u00e9monstration.\" \/><span class=\"wpcf7-list-item-label\">Envoyez-moi une d\u00e9monstration.<\/span><\/span><\/span><\/span><\/p>\n<p><input type=\"submit\" value=\"Envoyer\" class=\"wpcf7-form-control has-spinner wpcf7-submit\" \/><\/p>\n<div class=\"wpcf7-response-output\" aria-hidden=\"true\"><\/div><\/form><\/div><aside class=\"gap cf\" style=\"height:40px;\"><\/aside>[\/vc_column][\/vc_row][vc_row css=\u00a0\u00bb.vc_custom_1484445992452{background-color: #f9f9f9 !important;background-position: center !important;background-repeat: no-repeat !important;background-size: cover !important;}\u00a0\u00bb el_class=\u00a0\u00bbfooter-padding desktop-only\u00a0\u00bb][vc_column width=\u00a0\u00bb1\/3&Prime; el_class=\u00a0\u00bbfooter-content-padding\u00a0\u00bb][vc_column_text]<\/p>\n<h2 class=\"footer-text-style\"><strong>Nous joindre<\/strong><\/h2>\n<p>[\/vc_column_text][vc_column_text css=\u00a0\u00bb.vc_custom_1485216294628{margin-top: -10px !important;}\u00a0\u00bb]<\/p>\n<p class=\"footer-text-style\">Europe:<br \/><a href=\"mailto:info_eu@rdiinc.com\">info_eu@rdiinc.com<\/a><br \/>+33(6) 34 55 49 99<\/p>\n<p class=\"footer-text-style\">Maroc:<br \/><a href=\"mailto:info_ma@rdiinc.com\">info_ma@rdiinc.com<\/a><br \/>+212 6 38 85 72 79<\/p>\n<p class=\"footer-text-style\">\u00c9.-U., Canada et ailleurs:<br \/><a href=\"mailto:info@rdiinc.com\">info@rdiinc.com<\/a><br \/>+1 514 955 0213<\/p>\n<p>[\/vc_column_text][\/vc_column][vc_column width=\u00a0\u00bb1\/3&Prime; el_class=\u00a0\u00bbfooter-content-padding\u00a0\u00bb][vc_column_text]<\/p>\n<h2 class=\"footer-text-style\"><strong>Solutions<\/strong><\/h2>\n<p>[\/vc_column_text][vc_column_text css=\u00a0\u00bb.vc_custom_1485216338202{margin-top: -10px !important;}\u00a0\u00bb]<\/p>\n<p class=\"footer-text-style\"><a href=\"https:\/\/rdiinc.ca\/fr\/planification-de-la-continuite-des-affaires\/\">Planification de la continuit\u00e9 des affaires<\/a><\/p>\n<p class=\"footer-text-style\"><a href=\"https:\/\/rdiinc.ca\/fr\/gestion-de-processus-daffaires\/\">Gestion de processus d&rsquo;affaires<\/a><\/p>\n<p>[\/vc_column_text][\/vc_column][vc_column width=\u00a0\u00bb1\/3&Prime; el_class=\u00a0\u00bbfooter-content-padding\u00a0\u00bb][vc_column_text]<\/p>\n<h2 class=\"footer-text-style\"><strong>Entreprise<\/strong><\/h2>\n<p>[\/vc_column_text][vc_column_text css=\u00a0\u00bb.vc_custom_1485216389226{margin-top: -10px !important;}\u00a0\u00bb]<\/p>\n<p class=\"footer-text-style\"><a href=\"https:\/\/rdiinc.ca\/fr\/a-notre-sujet\/\">\u00c0 notre sujet<\/a><\/p>\n<p class=\"footer-text-style\"><a href=\"https:\/\/rdiinc.ca\/fr\/carrieres\/\">Carri\u00e8res<\/a><\/p>\n<p>[\/vc_column_text][\/vc_column][\/vc_row][vc_row css=\u00a0\u00bb.vc_custom_1484448211514{background-color: #f9f9f9 !important;background-position: center !important;background-repeat: no-repeat !important;background-size: cover !important;}\u00a0\u00bb el_class=\u00a0\u00bbfooter-padding mobile-only footer-color\u00a0\u00bb][vc_column]<aside class=\"gap cf\" style=\"height:30px;\"><\/aside>[vc_column_text]<\/p>\n<p>\u00a0<\/p>\n<p>[\/vc_column_text]<aside class=\"gap cf\" style=\"height:20px;\"><\/aside>[vc_column_text css=\u00a0\u00bb.vc_custom_1484448403144{margin-top: -10px !important;}\u00a0\u00bb]<\/p>\n<p class=\"footer-text-style\" style=\"text-align: center;\"><strong>Europe:<\/strong><\/p>\n<p>[\/vc_column_text][vc_row_inner equal_height=\u00a0\u00bbtrue\u00a0\u00bb gap=\u00a0\u00bb10&Prime; css=\u00a0\u00bb.vc_custom_1484448961397{margin-right: 0px !important;margin-left: 0px !important;}\u00a0\u00bb][vc_column_inner width=\u00a0\u00bb1\/2&Prime; offset=\u00a0\u00bbvc_col-md-6 vc_col-xs-6&Prime; css=\u00a0\u00bb.vc_custom_1484448881030{padding-top: 10px !important;padding-bottom: 10px !important;background-color: #ffffff !important;}\u00a0\u00bb][vc_icon icon_fontawesome=\u00a0\u00bbfa fa-envelope\u00a0\u00bb color=\u00a0\u00bbturquoise\u00a0\u00bb size=\u00a0\u00bblg\u00a0\u00bb align=\u00a0\u00bbcenter\u00a0\u00bb link=\u00a0\u00bburl:mailto%3Ainfo_eu%40rdiinc.com||\u00a0\u00bb][vc_column_text css=\u00a0\u00bb.vc_custom_1484449429845{margin-top: -20px !important;}\u00a0\u00bb]<\/p>\n<p class=\"footer-text-style\" style=\"text-align: center; font-size: 0.8em !important;\"><a href=\"mailto:info_eu@rdiinc.com\">info_eu@rdiinc.com<\/a><\/p>\n<p>[\/vc_column_text][\/vc_column_inner][vc_column_inner width=\u00a0\u00bb1\/2&Prime; offset=\u00a0\u00bbvc_col-md-6 vc_col-xs-6&Prime; css=\u00a0\u00bb.vc_custom_1484448890320{padding-top: 10px !important;padding-bottom: 10px !important;background-color: #ffffff !important;}\u00a0\u00bb][vc_icon icon_fontawesome=\u00a0\u00bbfa fa-phone\u00a0\u00bb color=\u00a0\u00bbturquoise\u00a0\u00bb size=\u00a0\u00bblg\u00a0\u00bb align=\u00a0\u00bbcenter\u00a0\u00bb link=\u00a0\u00bburl:tel%3A%2B33634554999||\u00a0\u00bb][vc_column_text css=\u00a0\u00bb.vc_custom_1484449436799{margin-top: -20px !important;}\u00a0\u00bb]<\/p>\n<p class=\"footer-text-style\" style=\"text-align: center; font-size: 0.8em !important;\">+33(6) 34 55 49 99<\/p>\n<p>[\/vc_column_text][\/vc_column_inner][\/vc_row_inner]<aside class=\"gap cf\" style=\"height:25px;\"><\/aside><aside class=\"gap cf\" style=\"height:25px;\"><\/aside>[vc_column_text css=\u00a0\u00bb.vc_custom_1485216313487{margin-top: -10px !important;}\u00a0\u00bb]<\/p>\n<p class=\"footer-text-style\" style=\"text-align: center;\"><strong>Maroc:<\/strong><\/p>\n<p>[\/vc_column_text][vc_row_inner equal_height=\u00a0\u00bbtrue\u00a0\u00bb gap=\u00a0\u00bb10&Prime; css=\u00a0\u00bb.vc_custom_1484448961397{margin-right: 0px !important;margin-left: 0px !important;}\u00a0\u00bb][vc_column_inner width=\u00a0\u00bb1\/2&Prime; offset=\u00a0\u00bbvc_col-md-6 vc_col-xs-6&Prime; css=\u00a0\u00bb.vc_custom_1484448881030{padding-top: 10px !important;padding-bottom: 10px !important;background-color: #ffffff !important;}\u00a0\u00bb][vc_icon icon_fontawesome=\u00a0\u00bbfa fa-envelope\u00a0\u00bb color=\u00a0\u00bbturquoise\u00a0\u00bb size=\u00a0\u00bblg\u00a0\u00bb align=\u00a0\u00bbcenter\u00a0\u00bb link=\u00a0\u00bburl:mailto%3Ainfo_ma%40rdiinc.com||\u00a0\u00bb][vc_column_text css=\u00a0\u00bb.vc_custom_1484449429845{margin-top: -20px !important;}\u00a0\u00bb]<\/p>\n<p class=\"footer-text-style\" style=\"text-align: center; font-size: 0.8em !important;\"><a href=\"mailto:info_ma@rdiinc.com\">info_ma@rdiinc.com<\/a><\/p>\n<p>[\/vc_column_text][\/vc_column_inner][vc_column_inner width=\u00a0\u00bb1\/2&Prime; offset=\u00a0\u00bbvc_col-md-6 vc_col-xs-6&Prime; css=\u00a0\u00bb.vc_custom_1484448890320{padding-top: 10px !important;padding-bottom: 10px !important;background-color: #ffffff !important;}\u00a0\u00bb][vc_icon icon_fontawesome=\u00a0\u00bbfa fa-phone\u00a0\u00bb color=\u00a0\u00bbturquoise\u00a0\u00bb size=\u00a0\u00bblg\u00a0\u00bb align=\u00a0\u00bbcenter\u00a0\u00bb link=\u00a0\u00bburl:tel%3A%2B212668559987||\u00a0\u00bb][vc_column_text css=\u00a0\u00bb.vc_custom_1649092349975{margin-top: -20px !important;}\u00a0\u00bb]<\/p>\n<p class=\"footer-text-style\" style=\"text-align: center; font-size: 0.8em !important;\">+212\u00a0 6 38 85 72 79<\/p>\n<p>[\/vc_column_text][\/vc_column_inner][\/vc_row_inner]<aside class=\"gap cf\" style=\"height:25px;\"><\/aside><aside class=\"gap cf\" style=\"height:25px;\"><\/aside>[vc_column_text css=\u00a0\u00bb.vc_custom_1485216313487{margin-top: -10px !important;}\u00a0\u00bb]<\/p>\n<p class=\"footer-text-style\" style=\"text-align: center;\"><strong>\u00c9.-U., Canada et ailleurs:<\/strong><\/p>\n<p>[\/vc_column_text][vc_row_inner equal_height=\u00a0\u00bbtrue\u00a0\u00bb content_placement=\u00a0\u00bbtop\u00a0\u00bb gap=\u00a0\u00bb10&Prime; css=\u00a0\u00bb.vc_custom_1484448971081{margin-right: 0px !important;margin-left: 0px !important;}\u00a0\u00bb][vc_column_inner width=\u00a0\u00bb1\/2&Prime; offset=\u00a0\u00bbvc_col-md-6 vc_col-xs-6&Prime; css=\u00a0\u00bb.vc_custom_1484448909363{padding-top: 10px !important;padding-bottom: 10px !important;background-color: #ffffff !important;}\u00a0\u00bb][vc_icon icon_fontawesome=\u00a0\u00bbfa fa-envelope\u00a0\u00bb color=\u00a0\u00bbturquoise\u00a0\u00bb size=\u00a0\u00bblg\u00a0\u00bb align=\u00a0\u00bbcenter\u00a0\u00bb link=\u00a0\u00bburl:mailto%3Ainfo%40rdiinc.com||\u00a0\u00bb][vc_column_text css=\u00a0\u00bb.vc_custom_1484449414161{margin-top: -20px !important;}\u00a0\u00bb]<\/p>\n<p class=\"footer-text-style\" style=\"text-align: center; font-size: 0.8em !important;\"><a href=\"mailto:info@rdiinc.com\">info@rdiinc.com<\/a><\/p>\n<p>[\/vc_column_text][\/vc_column_inner][vc_column_inner width=\u00a0\u00bb1\/2&Prime; offset=\u00a0\u00bbvc_col-md-6 vc_col-xs-6&Prime; css=\u00a0\u00bb.vc_custom_1484448916487{padding-top: 10px !important;padding-bottom: 10px !important;background-color: #ffffff !important;}\u00a0\u00bb][vc_icon icon_fontawesome=\u00a0\u00bbfa fa-phone\u00a0\u00bb color=\u00a0\u00bbturquoise\u00a0\u00bb size=\u00a0\u00bblg\u00a0\u00bb align=\u00a0\u00bbcenter\u00a0\u00bb link=\u00a0\u00bburl:tel%3A%2B15149550213||\u00a0\u00bb][vc_column_text css=\u00a0\u00bb.vc_custom_1484449421311{margin-top: -20px !important;}\u00a0\u00bb]<\/p>\n<p class=\"footer-text-style\" style=\"text-align: center; font-size: 0.8em !important;\">+1 514 955 0213<\/p>\n<p>[\/vc_column_text][\/vc_column_inner][\/vc_row_inner]<aside class=\"gap cf\" style=\"height:50px;\"><\/aside>[vc_separator el_width=\u00a0\u00bb50&Prime;]<aside class=\"gap cf\" style=\"height:50px;\"><\/aside>[vc_column_text]<\/p>\n<h2 class=\"footer-text-style\"><strong>Solutions<\/strong><\/h2>\n<p>[\/vc_column_text][vc_column_text css=\u00a0\u00bb.vc_custom_1485216363052{margin-top: -10px !important;}\u00a0\u00bb]<\/p>\n<p class=\"footer-text-style\" style=\"text-align: center;\"><a href=\"https:\/\/rdiinc.ca\/fr\/planification-de-la-continuite-des-affaires\/\">Planification de la continuit\u00e9 des affaires<\/a><\/p>\n<p class=\"footer-text-style\" style=\"text-align: center;\"><a href=\"https:\/\/rdiinc.ca\/fr\/gestion-de-processus-daffaires\/\">Gestion de processus d&rsquo;affaires<\/a><\/p>\n<p>[\/vc_column_text]<aside class=\"gap cf\" style=\"height:50px;\"><\/aside>[vc_separator el_width=\u00a0\u00bb50&Prime;]<aside class=\"gap cf\" style=\"height:50px;\"><\/aside>[vc_column_text]<\/p>\n<h2 class=\"footer-text-style\"><strong>Entreprise<\/strong><\/h2>\n<p>[\/vc_column_text][vc_column_text css=\u00a0\u00bb.vc_custom_1485216409621{margin-top: -10px !important;}\u00a0\u00bb]<\/p>\n<p class=\"footer-text-style\" style=\"text-align: center;\"><a href=\"https:\/\/rdiinc.ca\/fr\/a-notre-sujet\/\">\u00c0 notre sujet<\/a><\/p>\n<p class=\"footer-text-style\" style=\"text-align: center;\"><a href=\"https:\/\/rdiinc.ca\/fr\/carrieres\/\">Carri\u00e8res<\/a><\/p>\n<p>[\/vc_column_text][\/vc_column][\/vc_row]<\/p>\n\n\n<p><\/p>\n","protected":false},"excerpt":{"rendered":"<p>[vc_row css=\u00a0\u00bb.vc_custom_1484436914108{background-position: center !important;background-repeat: no-repeat !important;background-size: cover !important;}\u00a0\u00bb el_class=\u00a0\u00bbform-desktop-mobile-padding\u00a0\u00bb][vc_column][vc_column_text] Nous joindre [\/vc_column_text][vc_column_text] \u00a0 [\/vc_column_text][\/vc_column][\/vc_row][vc_row css=\u00a0\u00bb.vc_custom_1484445992452{background-color: #f9f9f9 !important;background-position: center !important;background-repeat: no-repeat !important;background-size: cover !important;}\u00a0\u00bb el_class=\u00a0\u00bbfooter-padding desktop-only\u00a0\u00bb][vc_column width=\u00a0\u00bb1\/3&Prime; el_class=\u00a0\u00bbfooter-content-padding\u00a0\u00bb][vc_column_text] Nous joindre [\/vc_column_text][vc_column_text css=\u00a0\u00bb.vc_custom_1485216294628{margin-top: -10px !important;}\u00a0\u00bb] Europe:info_eu@rdiinc.com+33(6) 34 55 49 99 Maroc:info_ma@rdiinc.com+212 6 38 85 72 79 \u00c9.-U., Canada et ailleurs:info@rdiinc.com+1 514 955 0213 [\/vc_column_text][\/vc_column][vc_column width=\u00a0\u00bb1\/3&Prime; el_class=\u00a0\u00bbfooter-content-padding\u00a0\u00bb][vc_column_text] Solutions [&hellip;]<\/p>\n","protected":false},"author":1,"featured_media":0,"parent":0,"menu_order":0,"comment_status":"open","ping_status":"closed","template":"","meta":[],"yoast_head":"<!-- This site is optimized with the Yoast SEO plugin v18.4.1 - https:\/\/yoast.com\/wordpress\/plugins\/seo\/ -->\n<title>Nous joindre - RDI<\/title>\n<meta name=\"robots\" content=\"index, follow, max-snippet:-1, max-image-preview:large, max-video-preview:-1\" \/>\n<link rel=\"canonical\" href=\"https:\/\/www.rdiinc.ca\/fr\/nous-joindre\/\" \/>\n<meta property=\"og:locale\" content=\"fr_FR\" \/>\n<meta property=\"og:type\" content=\"article\" \/>\n<meta property=\"og:title\" content=\"Nous joindre - RDI\" \/>\n<meta property=\"og:description\" content=\"[vc_row css=\u00a0\u00bb.vc_custom_1484436914108{background-position: center !important;background-repeat: no-repeat !important;background-size: cover !important;}\u00a0\u00bb el_class=\u00a0\u00bbform-desktop-mobile-padding\u00a0\u00bb][vc_column][vc_column_text] Nous joindre [\/vc_column_text][vc_column_text] \u00a0 [\/vc_column_text][\/vc_column][\/vc_row][vc_row css=\u00a0\u00bb.vc_custom_1484445992452{background-color: #f9f9f9 !important;background-position: center !important;background-repeat: no-repeat !important;background-size: cover !important;}\u00a0\u00bb el_class=\u00a0\u00bbfooter-padding desktop-only\u00a0\u00bb][vc_column width=\u00a0\u00bb1\/3&Prime; el_class=\u00a0\u00bbfooter-content-padding\u00a0\u00bb][vc_column_text] Nous joindre [\/vc_column_text][vc_column_text css=\u00a0\u00bb.vc_custom_1485216294628{margin-top: -10px !important;}\u00a0\u00bb] Europe:info_eu@rdiinc.com+33(6) 34 55 49 99 Maroc:info_ma@rdiinc.com+212 6 38 85 72 79 \u00c9.-U., Canada et ailleurs:info@rdiinc.com+1 514 955 0213 [\/vc_column_text][\/vc_column][vc_column width=\u00a0\u00bb1\/3&Prime; el_class=\u00a0\u00bbfooter-content-padding\u00a0\u00bb][vc_column_text] Solutions [&hellip;]\" \/>\n<meta property=\"og:url\" content=\"https:\/\/www.rdiinc.ca\/fr\/nous-joindre\/\" \/>\n<meta property=\"og:site_name\" content=\"RDI\" \/>\n<meta property=\"article:modified_time\" content=\"2023-04-04T14:34:06+00:00\" \/>\n<meta name=\"twitter:card\" content=\"summary\" \/>\n<meta name=\"twitter:label1\" content=\"Dur\u00e9e de lecture est.\" \/>\n\t<meta name=\"twitter:data1\" content=\"2 minutes\" \/>\n<script type=\"application\/ld+json\" class=\"yoast-schema-graph\">{\"@context\":\"https:\/\/schema.org\",\"@graph\":[{\"@type\":\"WebSite\",\"@id\":\"https:\/\/www.rdiinc.ca\/fr\/#website\",\"url\":\"https:\/\/www.rdiinc.ca\/fr\/\",\"name\":\"RDI\",\"description\":\"Chef de file en gestion de processus\",\"potentialAction\":[{\"@type\":\"SearchAction\",\"target\":{\"@type\":\"EntryPoint\",\"urlTemplate\":\"https:\/\/www.rdiinc.ca\/fr\/?s={search_term_string}\"},\"query-input\":\"required name=search_term_string\"}],\"inLanguage\":\"fr-FR\"},{\"@type\":\"WebPage\",\"@id\":\"https:\/\/www.rdiinc.ca\/fr\/nous-joindre\/#webpage\",\"url\":\"https:\/\/www.rdiinc.ca\/fr\/nous-joindre\/\",\"name\":\"Nous joindre - RDI\",\"isPartOf\":{\"@id\":\"https:\/\/www.rdiinc.ca\/fr\/#website\"},\"datePublished\":\"2015-06-20T03:05:43+00:00\",\"dateModified\":\"2023-04-04T14:34:06+00:00\",\"breadcrumb\":{\"@id\":\"https:\/\/www.rdiinc.ca\/fr\/nous-joindre\/#breadcrumb\"},\"inLanguage\":\"fr-FR\",\"potentialAction\":[{\"@type\":\"ReadAction\",\"target\":[\"https:\/\/www.rdiinc.ca\/fr\/nous-joindre\/\"]}]},{\"@type\":\"BreadcrumbList\",\"@id\":\"https:\/\/www.rdiinc.ca\/fr\/nous-joindre\/#breadcrumb\",\"itemListElement\":[{\"@type\":\"ListItem\",\"position\":1,\"name\":\"Home\",\"item\":\"https:\/\/www.rdiinc.ca\/fr\/\"},{\"@type\":\"ListItem\",\"position\":2,\"name\":\"Nous joindre\"}]}]}<\/script>\n<!-- \/ Yoast SEO plugin. -->","yoast_head_json":{"title":"Nous joindre - RDI","robots":{"index":"index","follow":"follow","max-snippet":"max-snippet:-1","max-image-preview":"max-image-preview:large","max-video-preview":"max-video-preview:-1"},"canonical":"https:\/\/www.rdiinc.ca\/fr\/nous-joindre\/","og_locale":"fr_FR","og_type":"article","og_title":"Nous joindre - RDI","og_description":"[vc_row css=\u00a0\u00bb.vc_custom_1484436914108{background-position: center !important;background-repeat: no-repeat !important;background-size: cover !important;}\u00a0\u00bb el_class=\u00a0\u00bbform-desktop-mobile-padding\u00a0\u00bb][vc_column][vc_column_text] Nous joindre [\/vc_column_text][vc_column_text] \u00a0 [\/vc_column_text][\/vc_column][\/vc_row][vc_row css=\u00a0\u00bb.vc_custom_1484445992452{background-color: #f9f9f9 !important;background-position: center !important;background-repeat: no-repeat !important;background-size: cover !important;}\u00a0\u00bb el_class=\u00a0\u00bbfooter-padding desktop-only\u00a0\u00bb][vc_column width=\u00a0\u00bb1\/3&Prime; el_class=\u00a0\u00bbfooter-content-padding\u00a0\u00bb][vc_column_text] Nous joindre [\/vc_column_text][vc_column_text css=\u00a0\u00bb.vc_custom_1485216294628{margin-top: -10px !important;}\u00a0\u00bb] Europe:info_eu@rdiinc.com+33(6) 34 55 49 99 Maroc:info_ma@rdiinc.com+212 6 38 85 72 79 \u00c9.-U., Canada et ailleurs:info@rdiinc.com+1 514 955 0213 [\/vc_column_text][\/vc_column][vc_column width=\u00a0\u00bb1\/3&Prime; el_class=\u00a0\u00bbfooter-content-padding\u00a0\u00bb][vc_column_text] Solutions [&hellip;]","og_url":"https:\/\/www.rdiinc.ca\/fr\/nous-joindre\/","og_site_name":"RDI","article_modified_time":"2023-04-04T14:34:06+00:00","twitter_card":"summary","twitter_misc":{"Dur\u00e9e de lecture est.":"2 minutes"},"schema":{"@context":"https:\/\/schema.org","@graph":[{"@type":"WebSite","@id":"https:\/\/www.rdiinc.ca\/fr\/#website","url":"https:\/\/www.rdiinc.ca\/fr\/","name":"RDI","description":"Chef de file en gestion de processus","potentialAction":[{"@type":"SearchAction","target":{"@type":"EntryPoint","urlTemplate":"https:\/\/www.rdiinc.ca\/fr\/?s={search_term_string}"},"query-input":"required name=search_term_string"}],"inLanguage":"fr-FR"},{"@type":"WebPage","@id":"https:\/\/www.rdiinc.ca\/fr\/nous-joindre\/#webpage","url":"https:\/\/www.rdiinc.ca\/fr\/nous-joindre\/","name":"Nous joindre - RDI","isPartOf":{"@id":"https:\/\/www.rdiinc.ca\/fr\/#website"},"datePublished":"2015-06-20T03:05:43+00:00","dateModified":"2023-04-04T14:34:06+00:00","breadcrumb":{"@id":"https:\/\/www.rdiinc.ca\/fr\/nous-joindre\/#breadcrumb"},"inLanguage":"fr-FR","potentialAction":[{"@type":"ReadAction","target":["https:\/\/www.rdiinc.ca\/fr\/nous-joindre\/"]}]},{"@type":"BreadcrumbList","@id":"https:\/\/www.rdiinc.ca\/fr\/nous-joindre\/#breadcrumb","itemListElement":[{"@type":"ListItem","position":1,"name":"Home","item":"https:\/\/www.rdiinc.ca\/fr\/"},{"@type":"ListItem","position":2,"name":"Nous joindre"}]}]}},"_links":{"self":[{"href":"https:\/\/www.rdiinc.ca\/fr\/wp-json\/wp\/v2\/pages\/83"}],"collection":[{"href":"https:\/\/www.rdiinc.ca\/fr\/wp-json\/wp\/v2\/pages"}],"about":[{"href":"https:\/\/www.rdiinc.ca\/fr\/wp-json\/wp\/v2\/types\/page"}],"author":[{"embeddable":true,"href":"https:\/\/www.rdiinc.ca\/fr\/wp-json\/wp\/v2\/users\/1"}],"replies":[{"embeddable":true,"href":"https:\/\/www.rdiinc.ca\/fr\/wp-json\/wp\/v2\/comments?post=83"}],"version-history":[{"count":33,"href":"https:\/\/www.rdiinc.ca\/fr\/wp-json\/wp\/v2\/pages\/83\/revisions"}],"predecessor-version":[{"id":888,"href":"https:\/\/www.rdiinc.ca\/fr\/wp-json\/wp\/v2\/pages\/83\/revisions\/888"}],"wp:attachment":[{"href":"https:\/\/www.rdiinc.ca\/fr\/wp-json\/wp\/v2\/media?parent=83"}],"curies":[{"name":"wp","href":"https:\/\/api.w.org\/{rel}","templated":true}]}}